{"id":154,"date":"2016-09-23T12:12:56","date_gmt":"2016-09-23T11:12:56","guid":{"rendered":"http:\/\/chalupa.brusna.cz\/?page_id=154"},"modified":"2022-01-30T15:41:47","modified_gmt":"2022-01-30T14:41:47","slug":"objednavka","status":"publish","type":"page","link":"https:\/\/chalupa.brusna.cz\/?page_id=154&lang=cs","title":{"rendered":"Obsazenost"},"content":{"rendered":"<p>N\u00ed\u017ee v p\u0159ehledu najdete obsazenost na\u0161\u00ed chalupy.<\/p>\n<p>Pron\u00e1jem apartm\u00e1nu na v\u00edkend (p\u00e1tek \u2013 ned\u011ble) je mo\u017en\u00fd pouze mimo m\u011bs\u00edc\u016f \u010derven, \u010dervenec a srpen.<br \/>\n<strong>Pro objedn\u00e1vku n\u00e1s <a href=\"https:\/\/chalupa.brusna.cz\/?page_id=30\">kontaktujte<\/a>.<\/strong><\/p>\n<p><iframe loading=\"lazy\" src=\"http:\/\/obsazenost.e-chalupy.cz\/kalendar.php?id=5122\" width=\"850\" height=\"650\" frameborder=\"0\"><\/iframe><\/p>\n","protected":false},"excerpt":{"rendered":"<p>N\u00ed\u017ee v p\u0159ehledu najdete obsazenost na\u0161\u00ed chalupy. Pron\u00e1jem apartm\u00e1nu na v\u00edkend (p\u00e1tek \u2013 ned\u011ble) je mo\u017en\u00fd pouze mimo m\u011bs\u00edc\u016f \u010derven, \u010dervenec a srpen. Pro objedn\u00e1vku n\u00e1s kontaktujte.<\/p>\n","protected":false},"author":1,"featured_media":0,"parent":0,"menu_order":0,"comment_status":"closed","ping_status":"closed","template":"fullpage.php","meta":{"ngg_post_thumbnail":0},"_links":{"self":[{"href":"https:\/\/chalupa.brusna.cz\/index.php?rest_route=\/wp\/v2\/pages\/154"}],"collection":[{"href":"https:\/\/chalupa.brusna.cz\/index.php?rest_route=\/wp\/v2\/pages"}],"about":[{"href":"https:\/\/chalupa.brusna.cz\/index.php?rest_route=\/wp\/v2\/types\/page"}],"author":[{"embeddable":true,"href":"https:\/\/chalupa.brusna.cz\/index.php?rest_route=\/wp\/v2\/users\/1"}],"replies":[{"embeddable":true,"href":"https:\/\/chalupa.brusna.cz\/index.php?rest_route=%2Fwp%2Fv2%2Fcomments&post=154"}],"version-history":[{"count":18,"href":"https:\/\/chalupa.brusna.cz\/index.php?rest_route=\/wp\/v2\/pages\/154\/revisions"}],"predecessor-version":[{"id":388,"href":"https:\/\/chalupa.brusna.cz\/index.php?rest_route=\/wp\/v2\/pages\/154\/revisions\/388"}],"wp:attachment":[{"href":"https:\/\/chalupa.brusna.cz\/index.php?rest_route=%2Fwp%2Fv2%2Fmedia&parent=154"}],"curies":[{"name":"wp","href":"https:\/\/api.w.org\/{rel}","templated":true}]}}