{"id":19,"date":"2016-09-22T16:09:33","date_gmt":"2016-09-22T15:09:33","guid":{"rendered":"http:\/\/chalupa.brusna.cz\/?page_id=19"},"modified":"2016-10-04T13:42:29","modified_gmt":"2016-10-04T12:42:29","slug":"o-nas","status":"publish","type":"page","link":"https:\/\/chalupa.brusna.cz\/?page_id=19&lang=cs","title":{"rendered":"O n\u00e1s"},"content":{"rendered":"<p>Chalupa se nach\u00e1z\u00ed v klidn\u00e9m \u00fadol\u00ed, kter\u00e9 tvo\u0159\u00ed rozlehl\u00e9 louky a pastviny. V okol\u00ed chalupy je kr\u00e1sn\u011b upraven\u00e1 zahrada s lavi\u010dkami\u00a0 a jablo\u0148ov\u00fd sad, kde jsou \u010dasto k vid\u011bn\u00ed srnky. Pozemek o rozloze necel\u00fdch 3 hektar\u016f lemuje Bezdrevsk\u00fd potok s pr\u016fzra\u010dn\u011b \u010distou vodou, na jeho\u017e druh\u00e9m b\u0159ehu se rozprost\u00edr\u00e1 Blansk\u00fd les, kter\u00fd je ide\u00e1ln\u00edm m\u00edstem na proch\u00e1zky a houba\u0159en\u00ed. Chalupa se nach\u00e1z\u00ed na samotn\u00e9m konci vesnice, daleko od frekventovan\u00e9 silnice, kde je naprost\u00fd klid.<\/p>\n<!-- default-view.php -->\n<div\n\tclass=\"ngg-galleryoverview default-view  ngg-ajax-pagination-none\"\n\tid=\"ngg-gallery-32e2133578d90d695ed53725529b5f0b-1\">\n\n\t\t<!-- Thumbnails -->\n\t\t\t\t<div id=\"ngg-image-0\" class=\"ngg-gallery-thumbnail-box \" >\n\t\t\t\t        <div class=\"ngg-gallery-thumbnail\">\n            <a href=\"https:\/\/chalupa.brusna.cz\/wp-content\/gallery\/o-nas\/orchard.jpg\"\n               title=\"\"\n               data-src=\"https:\/\/chalupa.brusna.cz\/wp-content\/gallery\/o-nas\/orchard.jpg\"\n               data-thumbnail=\"https:\/\/chalupa.brusna.cz\/wp-content\/gallery\/o-nas\/thumbs\/thumbs_orchard.jpg\"\n               data-image-id=\"1\"\n               data-title=\"orchard\"\n               data-description=\"\"\n               data-image-slug=\"orchard\"\n               class=\"ngg-fancybox\" rel=\"32e2133578d90d695ed53725529b5f0b\">\n                <img\n                    title=\"orchard\"\n                    alt=\"orchard\"\n                    src=\"https:\/\/chalupa.brusna.cz\/wp-content\/gallery\/o-nas\/thumbs\/thumbs_orchard.jpg\"\n                    width=\"240\"\n                    height=\"160\"\n                    style=\"max-width:100%;\"\n                \/>\n            <\/a>\n        <\/div>\n\t\t\t\t\t\t\t<\/div> \n\t\t\t\n\t\t\t\t<div id=\"ngg-image-1\" class=\"ngg-gallery-thumbnail-box \" >\n\t\t\t\t        <div class=\"ngg-gallery-thumbnail\">\n            <a href=\"https:\/\/chalupa.brusna.cz\/wp-content\/gallery\/o-nas\/sunset.JPG\"\n               title=\"\"\n               data-src=\"https:\/\/chalupa.brusna.cz\/wp-content\/gallery\/o-nas\/sunset.JPG\"\n               data-thumbnail=\"https:\/\/chalupa.brusna.cz\/wp-content\/gallery\/o-nas\/thumbs\/thumbs_sunset.JPG\"\n               data-image-id=\"3\"\n               data-title=\"sunset\"\n               data-description=\"\"\n               data-image-slug=\"sunset\"\n               class=\"ngg-fancybox\" rel=\"32e2133578d90d695ed53725529b5f0b\">\n                <img\n                    title=\"sunset\"\n                    alt=\"sunset\"\n                    src=\"https:\/\/chalupa.brusna.cz\/wp-content\/gallery\/o-nas\/thumbs\/thumbs_sunset.JPG\"\n                    width=\"240\"\n                    height=\"160\"\n                    style=\"max-width:100%;\"\n                \/>\n            <\/a>\n        <\/div>\n\t\t\t\t\t\t\t<\/div> \n\t\t\t\n\t\t\t\t<div id=\"ngg-image-2\" class=\"ngg-gallery-thumbnail-box \" >\n\t\t\t\t        <div class=\"ngg-gallery-thumbnail\">\n            <a href=\"https:\/\/chalupa.brusna.cz\/wp-content\/gallery\/o-nas\/IMG20210613130825.jpg\"\n               title=\"\"\n               data-src=\"https:\/\/chalupa.brusna.cz\/wp-content\/gallery\/o-nas\/IMG20210613130825.jpg\"\n               data-thumbnail=\"https:\/\/chalupa.brusna.cz\/wp-content\/gallery\/o-nas\/thumbs\/thumbs_IMG20210613130825.jpg\"\n               data-image-id=\"70\"\n               data-title=\"IMG20210613130825\"\n               data-description=\"\"\n               data-image-slug=\"img20210613130825-1\"\n               class=\"ngg-fancybox\" rel=\"32e2133578d90d695ed53725529b5f0b\">\n                <img\n                    title=\"IMG20210613130825\"\n                    alt=\"IMG20210613130825\"\n                    src=\"https:\/\/chalupa.brusna.cz\/wp-content\/gallery\/o-nas\/thumbs\/thumbs_IMG20210613130825.jpg\"\n                    width=\"240\"\n                    height=\"160\"\n                    style=\"max-width:100%;\"\n                \/>\n            <\/a>\n        <\/div>\n\t\t\t\t\t\t\t<\/div> \n\t\t\t\n\t\t\t\t<div id=\"ngg-image-3\" class=\"ngg-gallery-thumbnail-box \" >\n\t\t\t\t        <div class=\"ngg-gallery-thumbnail\">\n            <a href=\"https:\/\/chalupa.brusna.cz\/wp-content\/gallery\/o-nas\/Tresnovy-sad-small-pics.jpg\"\n               title=\"\"\n               data-src=\"https:\/\/chalupa.brusna.cz\/wp-content\/gallery\/o-nas\/Tresnovy-sad-small-pics.jpg\"\n               data-thumbnail=\"https:\/\/chalupa.brusna.cz\/wp-content\/gallery\/o-nas\/thumbs\/thumbs_Tresnovy-sad-small-pics.jpg\"\n               data-image-id=\"79\"\n               data-title=\"Tresnovy-sad-small-pics\"\n               data-description=\"\"\n               data-image-slug=\"tresnovy-sad-small-pics\"\n               class=\"ngg-fancybox\" rel=\"32e2133578d90d695ed53725529b5f0b\">\n                <img\n                    title=\"Tresnovy-sad-small-pics\"\n                    alt=\"Tresnovy-sad-small-pics\"\n                    src=\"https:\/\/chalupa.brusna.cz\/wp-content\/gallery\/o-nas\/thumbs\/thumbs_Tresnovy-sad-small-pics.jpg\"\n                    width=\"240\"\n                    height=\"160\"\n                    style=\"max-width:100%;\"\n                \/>\n            <\/a>\n        <\/div>\n\t\t\t\t\t\t\t<\/div> \n\t\t\t\n\t\t\t\t<div id=\"ngg-image-4\" class=\"ngg-gallery-thumbnail-box \" >\n\t\t\t\t        <div class=\"ngg-gallery-thumbnail\">\n            <a href=\"https:\/\/chalupa.brusna.cz\/wp-content\/gallery\/o-nas\/winter.jpg\"\n               title=\"\"\n               data-src=\"https:\/\/chalupa.brusna.cz\/wp-content\/gallery\/o-nas\/winter.jpg\"\n               data-thumbnail=\"https:\/\/chalupa.brusna.cz\/wp-content\/gallery\/o-nas\/thumbs\/thumbs_winter.jpg\"\n               data-image-id=\"80\"\n               data-title=\"winter\"\n               data-description=\"\"\n               data-image-slug=\"winter\"\n               class=\"ngg-fancybox\" rel=\"32e2133578d90d695ed53725529b5f0b\">\n                <img\n                    title=\"winter\"\n                    alt=\"winter\"\n                    src=\"https:\/\/chalupa.brusna.cz\/wp-content\/gallery\/o-nas\/thumbs\/thumbs_winter.jpg\"\n                    width=\"240\"\n                    height=\"160\"\n                    style=\"max-width:100%;\"\n                \/>\n            <\/a>\n        <\/div>\n\t\t\t\t\t\t\t<\/div> \n\t\t\t\n\t\t\t\t<div id=\"ngg-image-5\" class=\"ngg-gallery-thumbnail-box \" >\n\t\t\t\t        <div class=\"ngg-gallery-thumbnail\">\n            <a href=\"https:\/\/chalupa.brusna.cz\/wp-content\/gallery\/o-nas\/Dvorek-.jpg\"\n               title=\"\"\n               data-src=\"https:\/\/chalupa.brusna.cz\/wp-content\/gallery\/o-nas\/Dvorek-.jpg\"\n               data-thumbnail=\"https:\/\/chalupa.brusna.cz\/wp-content\/gallery\/o-nas\/thumbs\/thumbs_Dvorek-.jpg\"\n               data-image-id=\"81\"\n               data-title=\"Dvorek-\"\n               data-description=\"\"\n               data-image-slug=\"dvorek-1\"\n               class=\"ngg-fancybox\" rel=\"32e2133578d90d695ed53725529b5f0b\">\n                <img\n                    title=\"Dvorek-\"\n                    alt=\"Dvorek-\"\n                    src=\"https:\/\/chalupa.brusna.cz\/wp-content\/gallery\/o-nas\/thumbs\/thumbs_Dvorek-.jpg\"\n                    width=\"240\"\n                    height=\"160\"\n                    style=\"max-width:100%;\"\n                \/>\n            <\/a>\n        <\/div>\n\t\t\t\t\t\t\t<\/div> \n\t\t\t\n\t\n\t<br style=\"clear: both\" \/>\n\n\t\t<div class=\"slideshowlink\">\n        <a href='https:\/\/chalupa.brusna.cz\/index.php\/nggallery\/slideshow?page_id=19&#038;lang=cs'>[Uk\u00e1zat prezentaci]<\/a>\n\t\t\n\t<\/div>\n\t\n\t\t<!-- Pagination -->\n\t<div class='ngg-clear'><\/div>\t<\/div>\n\n<p>Pokud hled\u00e1te m\u00edsto k relaxaci a odpo\u010dinku pro Va\u0161\u00ed rodinu, potom je Va\u0161e hled\u00e1n\u00ed u konce.<br \/>\nBrusn\u00e1 je m\u00edstem na dovolenou, kter\u00e9 d\u00e1 V\u00e1m a Va\u0161\u00ed rodin\u011b n\u00e1dhern\u00e9 vzpom\u00ednky na cel\u00fd \u017eivot.<\/p>\n<p><em>T\u011b\u0161\u00edme se na setk\u00e1n\u00ed s V\u00e1mi.<\/em><\/p>\n","protected":false},"excerpt":{"rendered":"<p>Chalupa se nach\u00e1z\u00ed v klidn\u00e9m \u00fadol\u00ed, kter\u00e9 tvo\u0159\u00ed rozlehl\u00e9 louky a pastviny. V okol\u00ed chalupy je kr\u00e1sn\u011b upraven\u00e1 zahrada s lavi\u010dkami\u00a0 a jablo\u0148ov\u00fd sad, kde jsou \u010dasto k vid\u011bn\u00ed srnky. Pozemek o rozloze necel\u00fdch 3 hektar\u016f lemuje Bezdrevsk\u00fd potok s pr\u016fzra\u010dn\u011b \u010distou vodou, na jeho\u017e druh\u00e9m b\u0159ehu se rozprost\u00edr\u00e1 Blansk\u00fd les, kter\u00fd je ide\u00e1ln\u00edm m\u00edstem [&hellip;]<\/p>\n","protected":false},"author":1,"featured_media":0,"parent":0,"menu_order":0,"comment_status":"closed","ping_status":"closed","template":"fullpage.php","meta":{"ngg_post_thumbnail":0},"_links":{"self":[{"href":"https:\/\/chalupa.brusna.cz\/index.php?rest_route=\/wp\/v2\/pages\/19"}],"collection":[{"href":"https:\/\/chalupa.brusna.cz\/index.php?rest_route=\/wp\/v2\/pages"}],"about":[{"href":"https:\/\/chalupa.brusna.cz\/index.php?rest_route=\/wp\/v2\/types\/page"}],"author":[{"embeddable":true,"href":"https:\/\/chalupa.brusna.cz\/index.php?rest_route=\/wp\/v2\/users\/1"}],"replies":[{"embeddable":true,"href":"https:\/\/chalupa.brusna.cz\/index.php?rest_route=%2Fwp%2Fv2%2Fcomments&post=19"}],"version-history":[{"count":4,"href":"https:\/\/chalupa.brusna.cz\/index.php?rest_route=\/wp\/v2\/pages\/19\/revisions"}],"predecessor-version":[{"id":319,"href":"https:\/\/chalupa.brusna.cz\/index.php?rest_route=\/wp\/v2\/pages\/19\/revisions\/319"}],"wp:attachment":[{"href":"https:\/\/chalupa.brusna.cz\/index.php?rest_route=%2Fwp%2Fv2%2Fmedia&parent=19"}],"curies":[{"name":"wp","href":"https:\/\/api.w.org\/{rel}","templated":true}]}}