{"id":230,"date":"2016-09-27T16:14:39","date_gmt":"2016-09-27T15:14:39","guid":{"rendered":"http:\/\/chalupa.brusna.cz\/?page_id=230"},"modified":"2016-10-04T18:10:41","modified_gmt":"2016-10-04T17:10:41","slug":"contact","status":"publish","type":"page","link":"https:\/\/chalupa.brusna.cz\/?page_id=230&lang=en","title":{"rendered":"contact"},"content":{"rendered":"<p><strong>If you have any questions regarding a reservation or you would like to know more information, please use the contact form below or give us a call.<\/strong><\/p>\n<p><strong><em>Thank you.<\/em><\/strong><\/p>\n<p>Brusn\u00e1 173<br \/>\n384 11 Lhenice<br \/>\nJiho\u010desk\u00fd<br \/>\nCzech Republic<\/p>\n<p>Email: <a href=\"mailto:info@brusna.cz\">info@brusna.cz<\/a><br \/>\nMobil: +420 606 957505<br \/>\nWWW:\u00a0<a href=\"http:\/\/www.brusna.cz\">www.brusna.cz<\/a><\/p>\n<p><strong>Quick contact form<br \/>\n<\/strong><\/p>\n<div role=\"form\" class=\"wpcf7\" id=\"wpcf7-f360-o1\" lang=\"cs-CZ\" dir=\"ltr\">\n<div class=\"screen-reader-response\"><p role=\"status\" aria-live=\"polite\" aria-atomic=\"true\"><\/p> <ul><\/ul><\/div>\n<form action=\"\/index.php?rest_route=%2Fwp%2Fv2%2Fpages%2F230#wpcf7-f360-o1\" method=\"post\" class=\"wpcf7-form init\" novalidate=\"novalidate\" data-status=\"init\">\n<div style=\"display: none;\">\n<input type=\"hidden\" name=\"_wpcf7\" value=\"360\" \/>\n<input type=\"hidden\" name=\"_wpcf7_version\" value=\"5.5.5\" \/>\n<input type=\"hidden\" name=\"_wpcf7_locale\" value=\"cs_CZ\" \/>\n<input type=\"hidden\" name=\"_wpcf7_unit_tag\" value=\"wpcf7-f360-o1\" \/>\n<input type=\"hidden\" name=\"_wpcf7_container_post\" value=\"0\" \/>\n<input type=\"hidden\" name=\"_wpcf7_posted_data_hash\" value=\"\" \/>\n<\/div>\n<p><label> Your name (required)<br \/>\n    <span class=\"wpcf7-form-control-wrap your-name\"><input type=\"text\" name=\"your-name\" value=\"\" size=\"40\" class=\"wpcf7-form-control wpcf7-text wpcf7-validates-as-required\" aria-required=\"true\" aria-invalid=\"false\" \/><\/span> <\/label><\/p>\n<p><label> Your e-mail (required)<br \/>\n    <span class=\"wpcf7-form-control-wrap your-email\"><input type=\"email\" name=\"your-email\" value=\"\" size=\"40\" class=\"wpcf7-form-control wpcf7-text wpcf7-email wpcf7-validates-as-required wpcf7-validates-as-email\" aria-required=\"true\" aria-invalid=\"false\" \/><\/span> <\/label><\/p>\n<p><label> Your Subject<br \/>\n    <span class=\"wpcf7-form-control-wrap your-subject\"><input type=\"text\" name=\"your-subject\" value=\"\" size=\"40\" class=\"wpcf7-form-control wpcf7-text\" aria-invalid=\"false\" \/><\/span> <\/label><\/p>\n<p><label> Your message<br \/>\n    <span class=\"wpcf7-form-control-wrap your-message\"><textarea name=\"your-message\" cols=\"40\" rows=\"10\" class=\"wpcf7-form-control wpcf7-textarea\" aria-invalid=\"false\"><\/textarea><\/span> <\/label><\/p>\n<p><input type=\"submit\" value=\"Submit\" class=\"wpcf7-form-control has-spinner wpcf7-submit\" \/><\/p>\n<div class=\"wpcf7-response-output\" aria-hidden=\"true\"><\/div><\/form><\/div>\n<p><strong><span id=\"result_box\" class=\"short_text\" lang=\"en\"><span class=\"\">Where to find us?<\/span><\/span><\/strong><\/p>\n<p><iframe loading=\"lazy\" style=\"border: 0;\" src=\"https:\/\/www.google.com\/maps\/embed?pb=!1m10!1m8!1m3!1d2384.9781476323665!2d14.17966!3d49.01702!3m2!1i1024!2i768!4f13.1!5e1!3m2!1scs!2sus!4v1474621927084\" width=\"600\" height=\"450\" frameborder=\"0\" allowfullscreen=\"allowfullscreen\"><\/iframe><\/p>\n","protected":false},"excerpt":{"rendered":"<p>If you have any questions regarding a reservation or you would like to know more information, please use the contact form below or give us a call. Thank you. Brusn\u00e1 173 384 11 Lhenice Jiho\u010desk\u00fd Czech Republic Email: info@brusna.cz Mobil: +420 606 957505 WWW:\u00a0www.brusna.cz Quick contact form Where to find us?<\/p>\n","protected":false},"author":1,"featured_media":0,"parent":0,"menu_order":0,"comment_status":"closed","ping_status":"closed","template":"fullpage.php","meta":{"ngg_post_thumbnail":0},"_links":{"self":[{"href":"https:\/\/chalupa.brusna.cz\/index.php?rest_route=\/wp\/v2\/pages\/230"}],"collection":[{"href":"https:\/\/chalupa.brusna.cz\/index.php?rest_route=\/wp\/v2\/pages"}],"about":[{"href":"https:\/\/chalupa.brusna.cz\/index.php?rest_route=\/wp\/v2\/types\/page"}],"author":[{"embeddable":true,"href":"https:\/\/chalupa.brusna.cz\/index.php?rest_route=\/wp\/v2\/users\/1"}],"replies":[{"embeddable":true,"href":"https:\/\/chalupa.brusna.cz\/index.php?rest_route=%2Fwp%2Fv2%2Fcomments&post=230"}],"version-history":[{"count":12,"href":"https:\/\/chalupa.brusna.cz\/index.php?rest_route=\/wp\/v2\/pages\/230\/revisions"}],"predecessor-version":[{"id":366,"href":"https:\/\/chalupa.brusna.cz\/index.php?rest_route=\/wp\/v2\/pages\/230\/revisions\/366"}],"wp:attachment":[{"href":"https:\/\/chalupa.brusna.cz\/index.php?rest_route=%2Fwp%2Fv2%2Fmedia&parent=230"}],"curies":[{"name":"wp","href":"https:\/\/api.w.org\/{rel}","templated":true}]}}