{"id":237,"date":"2016-09-27T16:17:02","date_gmt":"2016-09-27T15:17:02","guid":{"rendered":"http:\/\/chalupa.brusna.cz\/?page_id=237"},"modified":"2016-10-04T17:07:16","modified_gmt":"2016-10-04T16:07:16","slug":"trips","status":"publish","type":"page","link":"https:\/\/chalupa.brusna.cz\/?page_id=237&lang=en","title":{"rendered":"trips"},"content":{"rendered":"<p><span id=\"result_box\" class=\"\" lang=\"en\">While you are staying in Brusna Farmhouse, why not take the opportunity to visit <span class=\"\">interesting places nearby<\/span>. South Bohemia is known for its colorful and picturesque villages. One of <span class=\"\">these is undoubtedly the<\/span> &#8222;pearl of the rustic baroque&#8220; village Holasovice, which is <span class=\"\">14 km from Brusna<\/span><\/span>.\u00a0 <a href=\"http:\/\/www.holasovice.eu\/\" target=\"_blank\"><strong>Hola\u0161ovice<\/strong><\/a> were <span id=\"result_box\" class=\"\" lang=\"en\">in 1998 for its uniqueness entered into the <span class=\"\">UNESCO World Heritage List<\/span> and is definitely worth a visit, whether by car <span class=\"\">or bike<\/span><\/span>.<\/p>\n<!-- default-view.php -->\n<div\n\tclass=\"ngg-galleryoverview default-view  ngg-ajax-pagination-none\"\n\tid=\"ngg-gallery-ab0fd7a3638001b7df9c967e07660cbf-1\">\n\n\t\t<!-- Thumbnails -->\n\t\t\t\t<div id=\"ngg-image-0\" class=\"ngg-gallery-thumbnail-box \" >\n\t\t\t\t        <div class=\"ngg-gallery-thumbnail\">\n            <a href=\"https:\/\/chalupa.brusna.cz\/wp-content\/gallery\/holasovice\/1.jpg\"\n               title=\"\"\n               data-src=\"https:\/\/chalupa.brusna.cz\/wp-content\/gallery\/holasovice\/1.jpg\"\n               data-thumbnail=\"https:\/\/chalupa.brusna.cz\/wp-content\/gallery\/holasovice\/thumbs\/thumbs_1.jpg\"\n               data-image-id=\"37\"\n               data-title=\"1\"\n               data-description=\"\"\n               data-image-slug=\"1-2\"\n               class=\"ngg-fancybox\" rel=\"ab0fd7a3638001b7df9c967e07660cbf\">\n                <img\n                    title=\"1\"\n                    alt=\"1\"\n                    src=\"https:\/\/chalupa.brusna.cz\/wp-content\/gallery\/holasovice\/thumbs\/thumbs_1.jpg\"\n                    width=\"240\"\n                    height=\"160\"\n                    style=\"max-width:100%;\"\n                \/>\n            <\/a>\n        <\/div>\n\t\t\t\t\t\t\t<\/div> \n\t\t\t\n\t\t\t\t<div id=\"ngg-image-1\" class=\"ngg-gallery-thumbnail-box \" >\n\t\t\t\t        <div class=\"ngg-gallery-thumbnail\">\n            <a href=\"https:\/\/chalupa.brusna.cz\/wp-content\/gallery\/holasovice\/3.jpg\"\n               title=\"\"\n               data-src=\"https:\/\/chalupa.brusna.cz\/wp-content\/gallery\/holasovice\/3.jpg\"\n               data-thumbnail=\"https:\/\/chalupa.brusna.cz\/wp-content\/gallery\/holasovice\/thumbs\/thumbs_3.jpg\"\n               data-image-id=\"38\"\n               data-title=\"3\"\n               data-description=\"\"\n               data-image-slug=\"3-2\"\n               class=\"ngg-fancybox\" rel=\"ab0fd7a3638001b7df9c967e07660cbf\">\n                <img\n                    title=\"3\"\n                    alt=\"3\"\n                    src=\"https:\/\/chalupa.brusna.cz\/wp-content\/gallery\/holasovice\/thumbs\/thumbs_3.jpg\"\n                    width=\"240\"\n                    height=\"160\"\n                    style=\"max-width:100%;\"\n                \/>\n            <\/a>\n        <\/div>\n\t\t\t\t\t\t\t<\/div> \n\t\t\t\n\t\t\t\t<div id=\"ngg-image-2\" class=\"ngg-gallery-thumbnail-box \" >\n\t\t\t\t        <div class=\"ngg-gallery-thumbnail\">\n            <a href=\"https:\/\/chalupa.brusna.cz\/wp-content\/gallery\/holasovice\/4-1.jpg\"\n               title=\"\"\n               data-src=\"https:\/\/chalupa.brusna.cz\/wp-content\/gallery\/holasovice\/4-1.jpg\"\n               data-thumbnail=\"https:\/\/chalupa.brusna.cz\/wp-content\/gallery\/holasovice\/thumbs\/thumbs_4-1.jpg\"\n               data-image-id=\"39\"\n               data-title=\"4 (1)\"\n               data-description=\"\"\n               data-image-slug=\"4-1-1\"\n               class=\"ngg-fancybox\" rel=\"ab0fd7a3638001b7df9c967e07660cbf\">\n                <img\n                    title=\"4 (1)\"\n                    alt=\"4 (1)\"\n                    src=\"https:\/\/chalupa.brusna.cz\/wp-content\/gallery\/holasovice\/thumbs\/thumbs_4-1.jpg\"\n                    width=\"240\"\n                    height=\"160\"\n                    style=\"max-width:100%;\"\n                \/>\n            <\/a>\n        <\/div>\n\t\t\t\t\t\t\t<\/div> \n\t\t\t\n\t\n\t<br style=\"clear: both\" \/>\n\n\t\t<div class=\"slideshowlink\">\n        <a href='https:\/\/chalupa.brusna.cz\/index.php\/nggallery\/slideshow?page_id=237&#038;lang=en'>[Uk\u00e1zat prezentaci]<\/a>\n\t\t\n\t<\/div>\n\t\n\t\t<!-- Pagination -->\n\t<div class='ngg-clear'><\/div>\t<\/div>\n\n<p><span id=\"result_box\" class=\"short_text\" lang=\"en\">Another<\/span><span id=\"result_box\" class=\"short_text\" lang=\"en\"> <span class=\"\">famous<\/span><\/span><span id=\"result_box\" class=\"short_text\" lang=\"en\"> UNESCO town is<\/span> <a href=\"http:\/\/www.ckrumlov.info\/php\/\" target=\"_blank\"><strong>\u010cesk\u00fd Krumlov<\/strong><\/a>, <span id=\"result_box\" class=\"\" lang=\"en\"><span class=\"\">one<\/span> of the most beautiful medieval cities in Europe, which <span class=\"\">is located about<\/span> <span class=\"\">30 km.<\/span> <span class=\"\">You can<\/span> <span class=\"\">just<\/span> <span class=\"\">wander<\/span> through the narrow cobbled streets of the town, which <span class=\"\">will transport you<\/span> <span class=\"\">back in time<\/span>. Here you will find <span class=\"\">many buildings<\/span> <span class=\"\">dating back<\/span> <span class=\"\">to the 13th century<\/span>. Or relax <span class=\"\">on a bench in<\/span> <span class=\"\">a beautiful<\/span> <span class=\"\">castle gardens<\/span> or enjoy a meal at one of the many local restaurants <span class=\"\">along the riverside<\/span>. <span class=\"\">From there<\/span> <span class=\"\">you can watch the<\/span> boaters on <span class=\"\">rafts<\/span> and canoes float by <span class=\"\">on the river Vltava<\/span><\/span><\/p>\n<!-- default-view.php -->\n<div\n\tclass=\"ngg-galleryoverview default-view  ngg-ajax-pagination-none\"\n\tid=\"ngg-gallery-85caad68532adb07ae232bb97c1eb0fa-1\">\n\n\t\t<!-- Thumbnails -->\n\t\t\t\t<div id=\"ngg-image-0\" class=\"ngg-gallery-thumbnail-box \" >\n\t\t\t\t        <div class=\"ngg-gallery-thumbnail\">\n            <a href=\"https:\/\/chalupa.brusna.cz\/wp-content\/gallery\/krumlov\/1.jpg\"\n               title=\"\"\n               data-src=\"https:\/\/chalupa.brusna.cz\/wp-content\/gallery\/krumlov\/1.jpg\"\n               data-thumbnail=\"https:\/\/chalupa.brusna.cz\/wp-content\/gallery\/krumlov\/thumbs\/thumbs_1.jpg\"\n               data-image-id=\"46\"\n               data-title=\"1\"\n               data-description=\"\"\n               data-image-slug=\"1-3\"\n               class=\"ngg-fancybox\" rel=\"85caad68532adb07ae232bb97c1eb0fa\">\n                <img\n                    title=\"1\"\n                    alt=\"1\"\n                    src=\"https:\/\/chalupa.brusna.cz\/wp-content\/gallery\/krumlov\/thumbs\/thumbs_1.jpg\"\n                    width=\"240\"\n                    height=\"160\"\n                    style=\"max-width:100%;\"\n                \/>\n            <\/a>\n        <\/div>\n\t\t\t\t\t\t\t<\/div> \n\t\t\t\n\t\t\t\t<div id=\"ngg-image-1\" class=\"ngg-gallery-thumbnail-box \" >\n\t\t\t\t        <div class=\"ngg-gallery-thumbnail\">\n            <a href=\"https:\/\/chalupa.brusna.cz\/wp-content\/gallery\/krumlov\/3.jpg\"\n               title=\"\"\n               data-src=\"https:\/\/chalupa.brusna.cz\/wp-content\/gallery\/krumlov\/3.jpg\"\n               data-thumbnail=\"https:\/\/chalupa.brusna.cz\/wp-content\/gallery\/krumlov\/thumbs\/thumbs_3.jpg\"\n               data-image-id=\"47\"\n               data-title=\"3\"\n               data-description=\"\"\n               data-image-slug=\"3-3\"\n               class=\"ngg-fancybox\" rel=\"85caad68532adb07ae232bb97c1eb0fa\">\n                <img\n                    title=\"3\"\n                    alt=\"3\"\n                    src=\"https:\/\/chalupa.brusna.cz\/wp-content\/gallery\/krumlov\/thumbs\/thumbs_3.jpg\"\n                    width=\"240\"\n                    height=\"160\"\n                    style=\"max-width:100%;\"\n                \/>\n            <\/a>\n        <\/div>\n\t\t\t\t\t\t\t<\/div> \n\t\t\t\n\t\t\t\t<div id=\"ngg-image-2\" class=\"ngg-gallery-thumbnail-box \" >\n\t\t\t\t        <div class=\"ngg-gallery-thumbnail\">\n            <a href=\"https:\/\/chalupa.brusna.cz\/wp-content\/gallery\/krumlov\/4.jpg\"\n               title=\"\"\n               data-src=\"https:\/\/chalupa.brusna.cz\/wp-content\/gallery\/krumlov\/4.jpg\"\n               data-thumbnail=\"https:\/\/chalupa.brusna.cz\/wp-content\/gallery\/krumlov\/thumbs\/thumbs_4.jpg\"\n               data-image-id=\"48\"\n               data-title=\"4\"\n               data-description=\"\"\n               data-image-slug=\"4-2\"\n               class=\"ngg-fancybox\" rel=\"85caad68532adb07ae232bb97c1eb0fa\">\n                <img\n                    title=\"4\"\n                    alt=\"4\"\n                    src=\"https:\/\/chalupa.brusna.cz\/wp-content\/gallery\/krumlov\/thumbs\/thumbs_4.jpg\"\n                    width=\"240\"\n                    height=\"160\"\n                    style=\"max-width:100%;\"\n                \/>\n            <\/a>\n        <\/div>\n\t\t\t\t\t\t\t<\/div> \n\t\t\t\n\t\n\t<br style=\"clear: both\" \/>\n\n\t\t<div class=\"slideshowlink\">\n        <a href='https:\/\/chalupa.brusna.cz\/index.php\/nggallery\/slideshow?page_id=237&#038;lang=en'>[Uk\u00e1zat prezentaci]<\/a>\n\t\t\n\t<\/div>\n\t\n\t\t<!-- Pagination -->\n\t<div class='ngg-clear'><\/div>\t<\/div>\n\n<p><span id=\"result_box\" class=\"\" lang=\"en\"><span class=\"\">Trip to<\/span> <span class=\"\">southern Bohemia<\/span> <span class=\"\">would not be complete<\/span> <span class=\"\">without a visit<\/span><\/span> to the castle <a title=\"http:\/\/www.zamek-hluboka.eu\/\" href=\"http:\/\/www.zamek-hluboka.eu\/\" target=\"_blank\"><strong>Z\u00e1mku Hlubok\u00e1<\/strong><\/a>, <span id=\"result_box\" class=\"\" lang=\"en\">where were filmed many Czech <span class=\"\">fairy tales<\/span>. <span class=\"\">Located about<\/span> 30 km from Brusna. And <span class=\"\">if you have children<\/span><span class=\"\">,<\/span> why <span class=\"\">not take<\/span> them to the<\/span> <a title=\"http:\/\/www.zoo-ohrada.cz\" href=\"http:\/\/www.zoo-ohrada.cz\/\" target=\"_blank\"><strong>ZOO<\/strong><\/a>. <span id=\"result_box\" class=\"\" lang=\"en\">In addition to the animals themselves, there is a beautiful playground, <span class=\"\">which for them<\/span> <span class=\"\">will surely be<\/span> <span class=\"\">a big hit<\/span><span class=\"\">.<\/span><\/span><\/p>\n<!-- default-view.php -->\n<div\n\tclass=\"ngg-galleryoverview default-view  ngg-ajax-pagination-none\"\n\tid=\"ngg-gallery-e822128e13254f62863ea22d3e1c1a6a-1\">\n\n\t\t<!-- Thumbnails -->\n\t\t\t\t<div id=\"ngg-image-0\" class=\"ngg-gallery-thumbnail-box \" >\n\t\t\t\t        <div class=\"ngg-gallery-thumbnail\">\n            <a href=\"https:\/\/chalupa.brusna.cz\/wp-content\/gallery\/hluboka\/1-1.jpg\"\n               title=\"\"\n               data-src=\"https:\/\/chalupa.brusna.cz\/wp-content\/gallery\/hluboka\/1-1.jpg\"\n               data-thumbnail=\"https:\/\/chalupa.brusna.cz\/wp-content\/gallery\/hluboka\/thumbs\/thumbs_1-1.jpg\"\n               data-image-id=\"34\"\n               data-title=\"1-1\"\n               data-description=\"\"\n               data-image-slug=\"1-1\"\n               class=\"ngg-fancybox\" rel=\"e822128e13254f62863ea22d3e1c1a6a\">\n                <img\n                    title=\"1-1\"\n                    alt=\"1-1\"\n                    src=\"https:\/\/chalupa.brusna.cz\/wp-content\/gallery\/hluboka\/thumbs\/thumbs_1-1.jpg\"\n                    width=\"240\"\n                    height=\"160\"\n                    style=\"max-width:100%;\"\n                \/>\n            <\/a>\n        <\/div>\n\t\t\t\t\t\t\t<\/div> \n\t\t\t\n\t\t\t\t<div id=\"ngg-image-1\" class=\"ngg-gallery-thumbnail-box \" >\n\t\t\t\t        <div class=\"ngg-gallery-thumbnail\">\n            <a href=\"https:\/\/chalupa.brusna.cz\/wp-content\/gallery\/hluboka\/2.jpg\"\n               title=\"\"\n               data-src=\"https:\/\/chalupa.brusna.cz\/wp-content\/gallery\/hluboka\/2.jpg\"\n               data-thumbnail=\"https:\/\/chalupa.brusna.cz\/wp-content\/gallery\/hluboka\/thumbs\/thumbs_2.jpg\"\n               data-image-id=\"35\"\n               data-title=\"2\"\n               data-description=\"\"\n               data-image-slug=\"2-1\"\n               class=\"ngg-fancybox\" rel=\"e822128e13254f62863ea22d3e1c1a6a\">\n                <img\n                    title=\"2\"\n                    alt=\"2\"\n                    src=\"https:\/\/chalupa.brusna.cz\/wp-content\/gallery\/hluboka\/thumbs\/thumbs_2.jpg\"\n                    width=\"240\"\n                    height=\"160\"\n                    style=\"max-width:100%;\"\n                \/>\n            <\/a>\n        <\/div>\n\t\t\t\t\t\t\t<\/div> \n\t\t\t\n\t\t\t\t<div id=\"ngg-image-2\" class=\"ngg-gallery-thumbnail-box \" >\n\t\t\t\t        <div class=\"ngg-gallery-thumbnail\">\n            <a href=\"https:\/\/chalupa.brusna.cz\/wp-content\/gallery\/hluboka\/ohrada.jpg\"\n               title=\"\"\n               data-src=\"https:\/\/chalupa.brusna.cz\/wp-content\/gallery\/hluboka\/ohrada.jpg\"\n               data-thumbnail=\"https:\/\/chalupa.brusna.cz\/wp-content\/gallery\/hluboka\/thumbs\/thumbs_ohrada.jpg\"\n               data-image-id=\"36\"\n               data-title=\"ohrada\"\n               data-description=\"\"\n               data-image-slug=\"ohrada\"\n               class=\"ngg-fancybox\" rel=\"e822128e13254f62863ea22d3e1c1a6a\">\n                <img\n                    title=\"ohrada\"\n                    alt=\"ohrada\"\n                    src=\"https:\/\/chalupa.brusna.cz\/wp-content\/gallery\/hluboka\/thumbs\/thumbs_ohrada.jpg\"\n                    width=\"240\"\n                    height=\"160\"\n                    style=\"max-width:100%;\"\n                \/>\n            <\/a>\n        <\/div>\n\t\t\t\t\t\t\t<\/div> \n\t\t\t\n\t\n\t<br style=\"clear: both\" \/>\n\n\t\t<div class=\"slideshowlink\">\n        <a href='https:\/\/chalupa.brusna.cz\/index.php\/nggallery\/slideshow?page_id=237&#038;lang=en'>[Uk\u00e1zat prezentaci]<\/a>\n\t\t\n\t<\/div>\n\t\n\t\t<!-- Pagination -->\n\t<div class='ngg-clear'><\/div>\t<\/div>\n\n<p><span id=\"result_box\" class=\"\" lang=\"en\"><span class=\"\">If you prefer<\/span> castle ruins, why not visit the <span class=\"\">romantic<\/span> <span class=\"\">castle ruins<\/span><\/span> <a title=\"http:\/\/www.divcikamen.cz\/\" href=\"http:\/\/www.divcikamen.cz\/\" target=\"_blank\"><strong>D\u00edv\u010d\u00ed K\u00e1men<\/strong><\/a> (29km).\u00a0 <span id=\"result_box\" class=\"\" lang=\"en\">The ruins are located on top of a hill, offering a beautiful <span class=\"\">view of the river below<\/span>. It&#8217;s a fantastic place for a picnic, where you can spend <span class=\"\">the whole afternoon<\/span>. <span class=\"\">Or visit<\/span> <span class=\"\">the castle ruins<\/span><\/span> <a title=\"http:\/\/www.helfenburk.estranky.cz\/\" href=\"http:\/\/www.helfenburk.estranky.cz\/\" target=\"_blank\"><strong>Helfenburk<\/strong><\/a> (23km), <span id=\"result_box\" class=\"\" lang=\"en\"><span class=\"\">dates back to early<\/span> <span class=\"\">1300.<\/span> There is a tower that offers panoramic views of the <span class=\"\">surrounding countryside<\/span><span class=\"\">.<\/span><\/span><\/p>\n<!-- default-view.php -->\n<div\n\tclass=\"ngg-galleryoverview default-view  ngg-ajax-pagination-none\"\n\tid=\"ngg-gallery-f5b2af924c91d7fd4e577e88390d7128-1\">\n\n\t\t<!-- Thumbnails -->\n\t\t\t\t<div id=\"ngg-image-0\" class=\"ngg-gallery-thumbnail-box \" >\n\t\t\t\t        <div class=\"ngg-gallery-thumbnail\">\n            <a href=\"https:\/\/chalupa.brusna.cz\/wp-content\/gallery\/hrady\/divci_kamen.jpg\"\n               title=\"\"\n               data-src=\"https:\/\/chalupa.brusna.cz\/wp-content\/gallery\/hrady\/divci_kamen.jpg\"\n               data-thumbnail=\"https:\/\/chalupa.brusna.cz\/wp-content\/gallery\/hrady\/thumbs\/thumbs_divci_kamen.jpg\"\n               data-image-id=\"40\"\n               data-title=\"divci_kamen\"\n               data-description=\"\"\n               data-image-slug=\"divci_kamen\"\n               class=\"ngg-fancybox\" rel=\"f5b2af924c91d7fd4e577e88390d7128\">\n                <img\n                    title=\"divci_kamen\"\n                    alt=\"divci_kamen\"\n                    src=\"https:\/\/chalupa.brusna.cz\/wp-content\/gallery\/hrady\/thumbs\/thumbs_divci_kamen.jpg\"\n                    width=\"240\"\n                    height=\"160\"\n                    style=\"max-width:100%;\"\n                \/>\n            <\/a>\n        <\/div>\n\t\t\t\t\t\t\t<\/div> \n\t\t\t\n\t\t\t\t<div id=\"ngg-image-1\" class=\"ngg-gallery-thumbnail-box \" >\n\t\t\t\t        <div class=\"ngg-gallery-thumbnail\">\n            <a href=\"https:\/\/chalupa.brusna.cz\/wp-content\/gallery\/hrady\/DivciKamen.jpg\"\n               title=\"\"\n               data-src=\"https:\/\/chalupa.brusna.cz\/wp-content\/gallery\/hrady\/DivciKamen.jpg\"\n               data-thumbnail=\"https:\/\/chalupa.brusna.cz\/wp-content\/gallery\/hrady\/thumbs\/thumbs_DivciKamen.jpg\"\n               data-image-id=\"41\"\n               data-title=\"DivciKamen\"\n               data-description=\"\"\n               data-image-slug=\"divcikamen\"\n               class=\"ngg-fancybox\" rel=\"f5b2af924c91d7fd4e577e88390d7128\">\n                <img\n                    title=\"DivciKamen\"\n                    alt=\"DivciKamen\"\n                    src=\"https:\/\/chalupa.brusna.cz\/wp-content\/gallery\/hrady\/thumbs\/thumbs_DivciKamen.jpg\"\n                    width=\"240\"\n                    height=\"160\"\n                    style=\"max-width:100%;\"\n                \/>\n            <\/a>\n        <\/div>\n\t\t\t\t\t\t\t<\/div> \n\t\t\t\n\t\t\t\t<div id=\"ngg-image-2\" class=\"ngg-gallery-thumbnail-box \" >\n\t\t\t\t        <div class=\"ngg-gallery-thumbnail\">\n            <a href=\"https:\/\/chalupa.brusna.cz\/wp-content\/gallery\/hrady\/helfenburk-u-bavorova-vez.jpg\"\n               title=\"\"\n               data-src=\"https:\/\/chalupa.brusna.cz\/wp-content\/gallery\/hrady\/helfenburk-u-bavorova-vez.jpg\"\n               data-thumbnail=\"https:\/\/chalupa.brusna.cz\/wp-content\/gallery\/hrady\/thumbs\/thumbs_helfenburk-u-bavorova-vez.jpg\"\n               data-image-id=\"42\"\n               data-title=\"helfenburk-u-bavorova-vez\"\n               data-description=\"\"\n               data-image-slug=\"helfenburk-u-bavorova-vez\"\n               class=\"ngg-fancybox\" rel=\"f5b2af924c91d7fd4e577e88390d7128\">\n                <img\n                    title=\"helfenburk-u-bavorova-vez\"\n                    alt=\"helfenburk-u-bavorova-vez\"\n                    src=\"https:\/\/chalupa.brusna.cz\/wp-content\/gallery\/hrady\/thumbs\/thumbs_helfenburk-u-bavorova-vez.jpg\"\n                    width=\"240\"\n                    height=\"160\"\n                    style=\"max-width:100%;\"\n                \/>\n            <\/a>\n        <\/div>\n\t\t\t\t\t\t\t<\/div> \n\t\t\t\n\t\n\t<br style=\"clear: both\" \/>\n\n\t\t<div class=\"slideshowlink\">\n        <a href='https:\/\/chalupa.brusna.cz\/index.php\/nggallery\/slideshow?page_id=237&#038;lang=en'>[Uk\u00e1zat prezentaci]<\/a>\n\t\t\n\t<\/div>\n\t\n\t\t<!-- Pagination -->\n\t<div class='ngg-clear'><\/div>\t<\/div>\n\n<p><span id=\"result_box\" class=\"short_text\" lang=\"en\"><span class=\"\">If you<\/span> <span class=\"\">do not want to<\/span> <span class=\"\">go<\/span> <span class=\"\">anywhere<\/span> to far away, castle<\/span> <a title=\"http:\/\/www.zamek-kratochvile.eu\/\" href=\"http:\/\/www.zamek-kratochvile.eu\/\" target=\"_blank\"><strong>Kratochv\u00edle<\/strong><\/a> <span id=\"result_box\" class=\"\" lang=\"en\">It is just <span class=\"\">10 km<\/span>. It&#8217;s a nice way to spend an hour stroll through the <span class=\"\">Renaissance<\/span> <span class=\"\">garden where<\/span> you can sit in a small cafe with a cup of coffee and cake <span class=\"\">and watch the<\/span> swans in the ornamental water moat. Castle Kratochvile <span class=\"\">is located close to<\/span><\/span> <a title=\"http:\/\/www.netolice.cz\/\" href=\"http:\/\/www.netolice.cz\/\" target=\"_blank\"><strong>Netolice<\/strong><\/a>, <span id=\"result_box\" class=\"\" lang=\"en\">where you can visit the museum and Archaeological Park.<\/span><\/p>\n<!-- default-view.php -->\n<div\n\tclass=\"ngg-galleryoverview default-view  ngg-ajax-pagination-none\"\n\tid=\"ngg-gallery-f9910a1874179250d32a1d5955cfb024-1\">\n\n\t\t<!-- Thumbnails -->\n\t\t\t\t<div id=\"ngg-image-0\" class=\"ngg-gallery-thumbnail-box \" >\n\t\t\t\t        <div class=\"ngg-gallery-thumbnail\">\n            <a href=\"https:\/\/chalupa.brusna.cz\/wp-content\/gallery\/kratochvile\/kratochvile1.jpg\"\n               title=\"\"\n               data-src=\"https:\/\/chalupa.brusna.cz\/wp-content\/gallery\/kratochvile\/kratochvile1.jpg\"\n               data-thumbnail=\"https:\/\/chalupa.brusna.cz\/wp-content\/gallery\/kratochvile\/thumbs\/thumbs_kratochvile1.jpg\"\n               data-image-id=\"43\"\n               data-title=\"kratochvile1\"\n               data-description=\"\"\n               data-image-slug=\"kratochvile1\"\n               class=\"ngg-fancybox\" rel=\"f9910a1874179250d32a1d5955cfb024\">\n                <img\n                    title=\"kratochvile1\"\n                    alt=\"kratochvile1\"\n                    src=\"https:\/\/chalupa.brusna.cz\/wp-content\/gallery\/kratochvile\/thumbs\/thumbs_kratochvile1.jpg\"\n                    width=\"240\"\n                    height=\"160\"\n                    style=\"max-width:100%;\"\n                \/>\n            <\/a>\n        <\/div>\n\t\t\t\t\t\t\t<\/div> \n\t\t\t\n\t\t\t\t<div id=\"ngg-image-1\" class=\"ngg-gallery-thumbnail-box \" >\n\t\t\t\t        <div class=\"ngg-gallery-thumbnail\">\n            <a href=\"https:\/\/chalupa.brusna.cz\/wp-content\/gallery\/kratochvile\/kratochvile2.jpg\"\n               title=\"\"\n               data-src=\"https:\/\/chalupa.brusna.cz\/wp-content\/gallery\/kratochvile\/kratochvile2.jpg\"\n               data-thumbnail=\"https:\/\/chalupa.brusna.cz\/wp-content\/gallery\/kratochvile\/thumbs\/thumbs_kratochvile2.jpg\"\n               data-image-id=\"44\"\n               data-title=\"kratochvile2\"\n               data-description=\"\"\n               data-image-slug=\"kratochvile2\"\n               class=\"ngg-fancybox\" rel=\"f9910a1874179250d32a1d5955cfb024\">\n                <img\n                    title=\"kratochvile2\"\n                    alt=\"kratochvile2\"\n                    src=\"https:\/\/chalupa.brusna.cz\/wp-content\/gallery\/kratochvile\/thumbs\/thumbs_kratochvile2.jpg\"\n                    width=\"240\"\n                    height=\"160\"\n                    style=\"max-width:100%;\"\n                \/>\n            <\/a>\n        <\/div>\n\t\t\t\t\t\t\t<\/div> \n\t\t\t\n\t\t\t\t<div id=\"ngg-image-2\" class=\"ngg-gallery-thumbnail-box \" >\n\t\t\t\t        <div class=\"ngg-gallery-thumbnail\">\n            <a href=\"https:\/\/chalupa.brusna.cz\/wp-content\/gallery\/kratochvile\/kratochvile3.jpg\"\n               title=\"\"\n               data-src=\"https:\/\/chalupa.brusna.cz\/wp-content\/gallery\/kratochvile\/kratochvile3.jpg\"\n               data-thumbnail=\"https:\/\/chalupa.brusna.cz\/wp-content\/gallery\/kratochvile\/thumbs\/thumbs_kratochvile3.jpg\"\n               data-image-id=\"45\"\n               data-title=\"kratochvile3\"\n               data-description=\"\"\n               data-image-slug=\"kratochvile3\"\n               class=\"ngg-fancybox\" rel=\"f9910a1874179250d32a1d5955cfb024\">\n                <img\n                    title=\"kratochvile3\"\n                    alt=\"kratochvile3\"\n                    src=\"https:\/\/chalupa.brusna.cz\/wp-content\/gallery\/kratochvile\/thumbs\/thumbs_kratochvile3.jpg\"\n                    width=\"240\"\n                    height=\"160\"\n                    style=\"max-width:100%;\"\n                \/>\n            <\/a>\n        <\/div>\n\t\t\t\t\t\t\t<\/div> \n\t\t\t\n\t\n\t<br style=\"clear: both\" \/>\n\n\t\t<div class=\"slideshowlink\">\n        <a href='https:\/\/chalupa.brusna.cz\/index.php\/nggallery\/slideshow?page_id=237&#038;lang=en'>[Uk\u00e1zat prezentaci]<\/a>\n\t\t\n\t<\/div>\n\t\n\t\t<!-- Pagination -->\n\t<div class='ngg-clear'><\/div>\t<\/div>\n\n","protected":false},"excerpt":{"rendered":"<p>While you are staying in Brusna Farmhouse, why not take the opportunity to visit interesting places nearby. South Bohemia is known for its colorful and picturesque villages. One of these is undoubtedly the &#8222;pearl of the rustic baroque&#8220; village Holasovice, which is 14 km from Brusna.\u00a0 Hola\u0161ovice were in 1998 for its uniqueness entered into [&hellip;]<\/p>\n","protected":false},"author":1,"featured_media":0,"parent":0,"menu_order":0,"comment_status":"closed","ping_status":"closed","template":"fullpage.php","meta":{"ngg_post_thumbnail":0},"_links":{"self":[{"href":"https:\/\/chalupa.brusna.cz\/index.php?rest_route=\/wp\/v2\/pages\/237"}],"collection":[{"href":"https:\/\/chalupa.brusna.cz\/index.php?rest_route=\/wp\/v2\/pages"}],"about":[{"href":"https:\/\/chalupa.brusna.cz\/index.php?rest_route=\/wp\/v2\/types\/page"}],"author":[{"embeddable":true,"href":"https:\/\/chalupa.brusna.cz\/index.php?rest_route=\/wp\/v2\/users\/1"}],"replies":[{"embeddable":true,"href":"https:\/\/chalupa.brusna.cz\/index.php?rest_route=%2Fwp%2Fv2%2Fcomments&post=237"}],"version-history":[{"count":11,"href":"https:\/\/chalupa.brusna.cz\/index.php?rest_route=\/wp\/v2\/pages\/237\/revisions"}],"predecessor-version":[{"id":357,"href":"https:\/\/chalupa.brusna.cz\/index.php?rest_route=\/wp\/v2\/pages\/237\/revisions\/357"}],"wp:attachment":[{"href":"https:\/\/chalupa.brusna.cz\/index.php?rest_route=%2Fwp%2Fv2%2Fmedia&parent=237"}],"curies":[{"name":"wp","href":"https:\/\/api.w.org\/{rel}","templated":true}]}}