{"id":25,"date":"2016-09-22T16:10:11","date_gmt":"2016-09-22T15:10:11","guid":{"rendered":"http:\/\/chalupa.brusna.cz\/?page_id=25"},"modified":"2025-11-26T12:07:01","modified_gmt":"2025-11-26T11:07:01","slug":"ubytovani","status":"publish","type":"page","link":"https:\/\/chalupa.brusna.cz\/?page_id=25&lang=cs","title":{"rendered":"Apartm\u00e1n s terasou"},"content":{"rendered":"<p><span style=\"text-decoration: underline;\"><strong>APARTM\u00c1N&nbsp;S TERASOU<\/strong><\/span><\/p>\n<p>Luxusn\u011b za\u0159\u00edzen\u00fd apartm\u00e1n pro 2-5 osob se nach\u00e1z\u00ed v 1.pat\u0159e a je p\u0159\u00edstupn\u00fd z prostorn\u00e9 terasy (27m2), s p\u0159ekr\u00e1sn\u00fdm v\u00fdhledem do \u00fadol\u00ed, odkud m\u016f\u017eete sledovat&nbsp; romantick\u00e9 z\u00e1pady slunce. Naopak vych\u00e1zej\u00edc\u00ed slunce V\u00e1s bude probouzet v komfortn\u00ed lo\u017enici s dvoul\u016f\u017ekem a d\u00e1le rozkl\u00e1dac\u00ed pohovkou vhodnou pro 2 d\u011bti. V druh\u00e9 men\u0161\u00ed lo\u017enici je jedno samostatn\u00e9 l\u016f\u017eko. Ob\u00fdvac\u00ed m\u00edstnost s j\u00eddeln\u00edm a kuchy\u0148sk\u00fdm koutem je prostorn\u00e1 a sv\u011btl\u00e1 d\u00edky prosklen\u00e9mu \u0161t\u00edtu. Ob\u00fdvac\u00ed pokoj je modern\u011b za\u0159\u00edzen\u00fd ko\u017eenou sedac\u00ed soupravou, TV, HI &#8211; FI, DVD. D\u00e1le je zde j\u00eddeln\u00ed st\u016fl a krb. V kuchy\u0148sk\u00e9m kout\u011b ledni\u010dka s mraz\u00e1kem, horkovzdu\u0161n\u00e1 trouba se sklokeramick\u00fdm spor\u00e1kem, mikrovlnn\u00e1 trouba, k\u00e1vovar na kapsle Nespresso, rychlovarn\u00e1 konvice, topinkova\u010d a ve\u0161ker\u00e9 pot\u0159ebn\u00e9 n\u00e1dob\u00ed. Koupelna je vybaven\u00e1 sprchov\u00fdm koutem, umyvadlem, WC a vysou\u0161e\u010dem vlas\u016f. V apartm\u00e1nu je mo\u017en\u00e9 p\u0159ipojen\u00ed k WI-FI.<\/p>\n<p>Cen\u00edk:<\/p>\n<p>16.800 K\u010d\/t\u00fdden\/apartm\u00e1n (\u010derven, \u010dervenec, srpen). Ostatn\u00ed term\u00edny: 13.800 K\u010d\/t\u00fdden. V\u00edkend: 4.500 K\u010d (p\u00e1tek &#8211; ned\u011ble). V\u00e1noce 20.12. &#8211; 27.12.2025 cena 16.800 K\u010d\/apartm\u00e1n. Silvestr 27.12. &#8211; 3.1.2026 cena 19.800 K\u010d\/apartm\u00e1n.&nbsp;<\/p>\n<!-- default-view.php -->\n<div\n\tclass=\"ngg-galleryoverview default-view  ngg-ajax-pagination-none\"\n\tid=\"ngg-gallery-b21ce5ac9291701b5591ee704b970f38-1\">\n\n\t\t<!-- Thumbnails -->\n\t\t\t\t<div id=\"ngg-image-0\" class=\"ngg-gallery-thumbnail-box \" >\n\t\t\t\t        <div class=\"ngg-gallery-thumbnail\">\n            <a href=\"https:\/\/chalupa.brusna.cz\/wp-content\/gallery\/ubytovani\/obyvak-2.jpg\"\n               title=\"\"\n               data-src=\"https:\/\/chalupa.brusna.cz\/wp-content\/gallery\/ubytovani\/obyvak-2.jpg\"\n               data-thumbnail=\"https:\/\/chalupa.brusna.cz\/wp-content\/gallery\/ubytovani\/thumbs\/thumbs_obyvak-2.jpg\"\n               data-image-id=\"75\"\n               data-title=\"obyvak-2\"\n               data-description=\"\"\n               data-image-slug=\"obyvak-2\"\n               class=\"ngg-fancybox\" rel=\"b21ce5ac9291701b5591ee704b970f38\">\n                <img\n                    title=\"obyvak-2\"\n                    alt=\"obyvak-2\"\n                    src=\"https:\/\/chalupa.brusna.cz\/wp-content\/gallery\/ubytovani\/thumbs\/thumbs_obyvak-2.jpg\"\n                    width=\"240\"\n                    height=\"160\"\n                    style=\"max-width:100%;\"\n                \/>\n            <\/a>\n        <\/div>\n\t\t\t\t\t\t\t<\/div> \n\t\t\t\n\t\t\t\t<div id=\"ngg-image-1\" class=\"ngg-gallery-thumbnail-box \" >\n\t\t\t\t        <div class=\"ngg-gallery-thumbnail\">\n            <a href=\"https:\/\/chalupa.brusna.cz\/wp-content\/gallery\/ubytovani\/obyvak-1.jpg\"\n               title=\"\"\n               data-src=\"https:\/\/chalupa.brusna.cz\/wp-content\/gallery\/ubytovani\/obyvak-1.jpg\"\n               data-thumbnail=\"https:\/\/chalupa.brusna.cz\/wp-content\/gallery\/ubytovani\/thumbs\/thumbs_obyvak-1.jpg\"\n               data-image-id=\"74\"\n               data-title=\"obyvak-1\"\n               data-description=\"\"\n               data-image-slug=\"obyvak-1\"\n               class=\"ngg-fancybox\" rel=\"b21ce5ac9291701b5591ee704b970f38\">\n                <img\n                    title=\"obyvak-1\"\n                    alt=\"obyvak-1\"\n                    src=\"https:\/\/chalupa.brusna.cz\/wp-content\/gallery\/ubytovani\/thumbs\/thumbs_obyvak-1.jpg\"\n                    width=\"240\"\n                    height=\"160\"\n                    style=\"max-width:100%;\"\n                \/>\n            <\/a>\n        <\/div>\n\t\t\t\t\t\t\t<\/div> \n\t\t\t\n\t\t\t\t<div id=\"ngg-image-2\" class=\"ngg-gallery-thumbnail-box \" >\n\t\t\t\t        <div class=\"ngg-gallery-thumbnail\">\n            <a href=\"https:\/\/chalupa.brusna.cz\/wp-content\/gallery\/ubytovani\/obyvak-s-kuchyni.jpg\"\n               title=\"\"\n               data-src=\"https:\/\/chalupa.brusna.cz\/wp-content\/gallery\/ubytovani\/obyvak-s-kuchyni.jpg\"\n               data-thumbnail=\"https:\/\/chalupa.brusna.cz\/wp-content\/gallery\/ubytovani\/thumbs\/thumbs_obyvak-s-kuchyni.jpg\"\n               data-image-id=\"77\"\n               data-title=\"obyvak-s-kuchyni\"\n               data-description=\"\"\n               data-image-slug=\"obyvak-s-kuchyni\"\n               class=\"ngg-fancybox\" rel=\"b21ce5ac9291701b5591ee704b970f38\">\n                <img\n                    title=\"obyvak-s-kuchyni\"\n                    alt=\"obyvak-s-kuchyni\"\n                    src=\"https:\/\/chalupa.brusna.cz\/wp-content\/gallery\/ubytovani\/thumbs\/thumbs_obyvak-s-kuchyni.jpg\"\n                    width=\"240\"\n                    height=\"160\"\n                    style=\"max-width:100%;\"\n                \/>\n            <\/a>\n        <\/div>\n\t\t\t\t\t\t\t<\/div> \n\t\t\t\n\t\t\t\t<div id=\"ngg-image-3\" class=\"ngg-gallery-thumbnail-box \" >\n\t\t\t\t        <div class=\"ngg-gallery-thumbnail\">\n            <a href=\"https:\/\/chalupa.brusna.cz\/wp-content\/gallery\/ubytovani\/3.jpg\"\n               title=\"\"\n               data-src=\"https:\/\/chalupa.brusna.cz\/wp-content\/gallery\/ubytovani\/3.jpg\"\n               data-thumbnail=\"https:\/\/chalupa.brusna.cz\/wp-content\/gallery\/ubytovani\/thumbs\/thumbs_3.jpg\"\n               data-image-id=\"6\"\n               data-title=\"3\"\n               data-description=\"\"\n               data-image-slug=\"3\"\n               class=\"ngg-fancybox\" rel=\"b21ce5ac9291701b5591ee704b970f38\">\n                <img\n                    title=\"3\"\n                    alt=\"3\"\n                    src=\"https:\/\/chalupa.brusna.cz\/wp-content\/gallery\/ubytovani\/thumbs\/thumbs_3.jpg\"\n                    width=\"240\"\n                    height=\"160\"\n                    style=\"max-width:100%;\"\n                \/>\n            <\/a>\n        <\/div>\n\t\t\t\t\t\t\t<\/div> \n\t\t\t\n\t\t\t\t<div id=\"ngg-image-4\" class=\"ngg-gallery-thumbnail-box \" >\n\t\t\t\t        <div class=\"ngg-gallery-thumbnail\">\n            <a href=\"https:\/\/chalupa.brusna.cz\/wp-content\/gallery\/ubytovani\/2.jpg\"\n               title=\"\"\n               data-src=\"https:\/\/chalupa.brusna.cz\/wp-content\/gallery\/ubytovani\/2.jpg\"\n               data-thumbnail=\"https:\/\/chalupa.brusna.cz\/wp-content\/gallery\/ubytovani\/thumbs\/thumbs_2.jpg\"\n               data-image-id=\"5\"\n               data-title=\"2\"\n               data-description=\"\"\n               data-image-slug=\"2\"\n               class=\"ngg-fancybox\" rel=\"b21ce5ac9291701b5591ee704b970f38\">\n                <img\n                    title=\"2\"\n                    alt=\"2\"\n                    src=\"https:\/\/chalupa.brusna.cz\/wp-content\/gallery\/ubytovani\/thumbs\/thumbs_2.jpg\"\n                    width=\"240\"\n                    height=\"160\"\n                    style=\"max-width:100%;\"\n                \/>\n            <\/a>\n        <\/div>\n\t\t\t\t\t\t\t<\/div> \n\t\t\t\n\t\t\t\t<div id=\"ngg-image-5\" class=\"ngg-gallery-thumbnail-box \" >\n\t\t\t\t        <div class=\"ngg-gallery-thumbnail\">\n            <a href=\"https:\/\/chalupa.brusna.cz\/wp-content\/gallery\/ubytovani\/4.jpg\"\n               title=\"\"\n               data-src=\"https:\/\/chalupa.brusna.cz\/wp-content\/gallery\/ubytovani\/4.jpg\"\n               data-thumbnail=\"https:\/\/chalupa.brusna.cz\/wp-content\/gallery\/ubytovani\/thumbs\/thumbs_4.jpg\"\n               data-image-id=\"7\"\n               data-title=\"4\"\n               data-description=\"\"\n               data-image-slug=\"4\"\n               class=\"ngg-fancybox\" rel=\"b21ce5ac9291701b5591ee704b970f38\">\n                <img\n                    title=\"4\"\n                    alt=\"4\"\n                    src=\"https:\/\/chalupa.brusna.cz\/wp-content\/gallery\/ubytovani\/thumbs\/thumbs_4.jpg\"\n                    width=\"240\"\n                    height=\"160\"\n                    style=\"max-width:100%;\"\n                \/>\n            <\/a>\n        <\/div>\n\t\t\t\t\t\t\t<\/div> \n\t\t\t\n\t\t\t\t<div id=\"ngg-image-6\" class=\"ngg-gallery-thumbnail-box \" >\n\t\t\t\t        <div class=\"ngg-gallery-thumbnail\">\n            <a href=\"https:\/\/chalupa.brusna.cz\/wp-content\/gallery\/ubytovani\/loznice.jpg\"\n               title=\"\"\n               data-src=\"https:\/\/chalupa.brusna.cz\/wp-content\/gallery\/ubytovani\/loznice.jpg\"\n               data-thumbnail=\"https:\/\/chalupa.brusna.cz\/wp-content\/gallery\/ubytovani\/thumbs\/thumbs_loznice.jpg\"\n               data-image-id=\"76\"\n               data-title=\"loznice\"\n               data-description=\"\"\n               data-image-slug=\"loznice-3\"\n               class=\"ngg-fancybox\" rel=\"b21ce5ac9291701b5591ee704b970f38\">\n                <img\n                    title=\"loznice\"\n                    alt=\"loznice\"\n                    src=\"https:\/\/chalupa.brusna.cz\/wp-content\/gallery\/ubytovani\/thumbs\/thumbs_loznice.jpg\"\n                    width=\"240\"\n                    height=\"160\"\n                    style=\"max-width:100%;\"\n                \/>\n            <\/a>\n        <\/div>\n\t\t\t\t\t\t\t<\/div> \n\t\t\t\n\t\t\t\t<div id=\"ngg-image-7\" class=\"ngg-gallery-thumbnail-box \" >\n\t\t\t\t        <div class=\"ngg-gallery-thumbnail\">\n            <a href=\"https:\/\/chalupa.brusna.cz\/wp-content\/gallery\/ubytovani\/loznice-2.jpg\"\n               title=\"\"\n               data-src=\"https:\/\/chalupa.brusna.cz\/wp-content\/gallery\/ubytovani\/loznice-2.jpg\"\n               data-thumbnail=\"https:\/\/chalupa.brusna.cz\/wp-content\/gallery\/ubytovani\/thumbs\/thumbs_loznice-2.jpg\"\n               data-image-id=\"73\"\n               data-title=\"loznice-2\"\n               data-description=\"\"\n               data-image-slug=\"loznice-2\"\n               class=\"ngg-fancybox\" rel=\"b21ce5ac9291701b5591ee704b970f38\">\n                <img\n                    title=\"loznice-2\"\n                    alt=\"loznice-2\"\n                    src=\"https:\/\/chalupa.brusna.cz\/wp-content\/gallery\/ubytovani\/thumbs\/thumbs_loznice-2.jpg\"\n                    width=\"240\"\n                    height=\"160\"\n                    style=\"max-width:100%;\"\n                \/>\n            <\/a>\n        <\/div>\n\t\t\t\t\t\t\t<\/div> \n\t\t\t\n\t\t\t\t<div id=\"ngg-image-8\" class=\"ngg-gallery-thumbnail-box \" >\n\t\t\t\t        <div class=\"ngg-gallery-thumbnail\">\n            <a href=\"https:\/\/chalupa.brusna.cz\/wp-content\/gallery\/ubytovani\/26.jpg\"\n               title=\"\"\n               data-src=\"https:\/\/chalupa.brusna.cz\/wp-content\/gallery\/ubytovani\/26.jpg\"\n               data-thumbnail=\"https:\/\/chalupa.brusna.cz\/wp-content\/gallery\/ubytovani\/thumbs\/thumbs_26.jpg\"\n               data-image-id=\"10\"\n               data-title=\"26\"\n               data-description=\"\"\n               data-image-slug=\"26\"\n               class=\"ngg-fancybox\" rel=\"b21ce5ac9291701b5591ee704b970f38\">\n                <img\n                    title=\"26\"\n                    alt=\"26\"\n                    src=\"https:\/\/chalupa.brusna.cz\/wp-content\/gallery\/ubytovani\/thumbs\/thumbs_26.jpg\"\n                    width=\"240\"\n                    height=\"160\"\n                    style=\"max-width:100%;\"\n                \/>\n            <\/a>\n        <\/div>\n\t\t\t\t\t\t\t<\/div> \n\t\t\t\n\t\n\t<br style=\"clear: both\" \/>\n\n\t\t<div class=\"slideshowlink\">\n        <a href='https:\/\/chalupa.brusna.cz\/index.php\/nggallery\/slideshow?page_id=25&#038;lang=cs'>[Uk\u00e1zat prezentaci]<\/a>\n\t\t\n\t<\/div>\n\t\n\t\t<!-- Pagination -->\n\t<div class='ngg-clear'><\/div>\t<\/div>\n\n\n\n<iframe src=\"https:\/\/www.google.com\/maps\/embed?pb=!4v1713803173560!6m8!1m7!1sCAoSLEFGMVFpcFB2a3R1cFgxZWFuWUZHZm90ajdiR0hoSlA2LUs4SEtGX0o0VnpS!2m2!1d49.017088657123!2d14.179769938522!3f104.89!4f-0.20000000000000284!5f0.4000000000000002\" width=\"900\" height=\"500\" style=\"border:0;\" allowfullscreen=\"\" loading=\"lazy\" referrerpolicy=\"no-referrer-when-downgrade\"><\/iframe>\n","protected":false},"excerpt":{"rendered":"<p>APARTM\u00c1N&nbsp;S TERASOU Luxusn\u011b za\u0159\u00edzen\u00fd apartm\u00e1n pro 2-5 osob se nach\u00e1z\u00ed v 1.pat\u0159e a je p\u0159\u00edstupn\u00fd z prostorn\u00e9 terasy (27m2), s p\u0159ekr\u00e1sn\u00fdm v\u00fdhledem do \u00fadol\u00ed, odkud m\u016f\u017eete sledovat&nbsp; romantick\u00e9 z\u00e1pady slunce. Naopak vych\u00e1zej\u00edc\u00ed slunce V\u00e1s bude probouzet v komfortn\u00ed lo\u017enici s dvoul\u016f\u017ekem a d\u00e1le rozkl\u00e1dac\u00ed pohovkou vhodnou pro 2 d\u011bti. V druh\u00e9 men\u0161\u00ed lo\u017enici je jedno [&hellip;]<\/p>\n","protected":false},"author":1,"featured_media":0,"parent":0,"menu_order":0,"comment_status":"closed","ping_status":"closed","template":"fullpage.php","meta":{"ngg_post_thumbnail":0},"_links":{"self":[{"href":"https:\/\/chalupa.brusna.cz\/index.php?rest_route=\/wp\/v2\/pages\/25"}],"collection":[{"href":"https:\/\/chalupa.brusna.cz\/index.php?rest_route=\/wp\/v2\/pages"}],"about":[{"href":"https:\/\/chalupa.brusna.cz\/index.php?rest_route=\/wp\/v2\/types\/page"}],"author":[{"embeddable":true,"href":"https:\/\/chalupa.brusna.cz\/index.php?rest_route=\/wp\/v2\/users\/1"}],"replies":[{"embeddable":true,"href":"https:\/\/chalupa.brusna.cz\/index.php?rest_route=%2Fwp%2Fv2%2Fcomments&post=25"}],"version-history":[{"count":21,"href":"https:\/\/chalupa.brusna.cz\/index.php?rest_route=\/wp\/v2\/pages\/25\/revisions"}],"predecessor-version":[{"id":500,"href":"https:\/\/chalupa.brusna.cz\/index.php?rest_route=\/wp\/v2\/pages\/25\/revisions\/500"}],"wp:attachment":[{"href":"https:\/\/chalupa.brusna.cz\/index.php?rest_route=%2Fwp%2Fv2%2Fmedia&parent=25"}],"curies":[{"name":"wp","href":"https:\/\/api.w.org\/{rel}","templated":true}]}}