{"id":28,"date":"2016-09-22T16:11:58","date_gmt":"2016-09-22T15:11:58","guid":{"rendered":"http:\/\/chalupa.brusna.cz\/?page_id=28"},"modified":"2025-08-04T08:53:47","modified_gmt":"2025-08-04T07:53:47","slug":"apartman-v-prizemi","status":"publish","type":"page","link":"https:\/\/chalupa.brusna.cz\/?page_id=28&lang=cs","title":{"rendered":"Apartm\u00e1n v p\u0159\u00edzem\u00ed"},"content":{"rendered":"<p><span style=\"text-decoration: underline;\"><strong>APARTM\u00c1N V P\u0158\u00cdZEM\u00cd<\/strong><\/span><\/p>\n<p>Pl\u00e1nujete-li dovolenou s p\u0159\u00e1teli nebo s rodi\u010di, doporu\u010dujeme V\u00e1m pron\u00e1jem druh\u00e9ho apartm\u00e1nu v p\u0159\u00edzem\u00ed, kter\u00fd je ide\u00e1ln\u00ed pro 2 osoby. M\u016f\u017eete tak str\u00e1vit spole\u010dnou dovolenou, av\u0161ak m\u00edt i sv\u00e9 vlastn\u00ed soukrom\u00ed. Tento \u00fatuln\u00fd apartm\u00e1n je za\u0159\u00edzen\u00fd v rustik\u00e1ln\u00edm stylu s mexickou terakotovou dla\u017ebou a je vybaven\u00fd dvoul\u016f\u017ekem, rohovou sedac\u00ed soupravou, Smart TV a DVD. D\u00e1le je zde kuchy\u0148sk\u00fd kout, kde je V\u00e1m k dispozici ledni\u010dka s mraz\u00e1kem, horkovzdu\u0161n\u00e1 trouba se sklokeramick\u00fdm spor\u00e1kem, rychlovarn\u00e1 konvice a topinkova\u010d. Koupelna je se sprchov\u00fdm koutem, umyvadlem a WC. Apartm\u00e1n se nach\u00e1z\u00ed p\u0159\u00edmo p\u0159ed zast\u0159e\u0161enou pergolou, kde si r\u00e1no m\u016f\u017eete vychutnat dobrou sn\u00eddani nebo v l\u00e9t\u011b relaxovat ve st\u00ednu.<\/p>\n<p>Apartm\u00e1n v p\u0159\u00edzem\u00ed samostatn\u011b nepronaj\u00edm\u00e1me. M\u016f\u017eete si jej v\u0161ak rezervovat sou\u010dasn\u011b s apartm\u00e1nem v 1. pat\u0159e a doplat\u00edte pouze 3.000 K\u010d\/t\u00fdden nebo 1.000 K\u010d\/v\u00edkend.&nbsp;&nbsp;<\/p>\n<!-- default-view.php -->\n<div\n\tclass=\"ngg-galleryoverview default-view  ngg-ajax-pagination-none\"\n\tid=\"ngg-gallery-7a56c77bb0d9dd5053b62a42c7cea283-1\">\n\n\t\t<!-- Thumbnails -->\n\t\t\t\t<div id=\"ngg-image-0\" class=\"ngg-gallery-thumbnail-box \" >\n\t\t\t\t        <div class=\"ngg-gallery-thumbnail\">\n            <a href=\"https:\/\/chalupa.brusna.cz\/wp-content\/gallery\/v-prizemi\/5.jpg\"\n               title=\"\"\n               data-src=\"https:\/\/chalupa.brusna.cz\/wp-content\/gallery\/v-prizemi\/5.jpg\"\n               data-thumbnail=\"https:\/\/chalupa.brusna.cz\/wp-content\/gallery\/v-prizemi\/thumbs\/thumbs_5.jpg\"\n               data-image-id=\"13\"\n               data-title=\"5\"\n               data-description=\"\"\n               data-image-slug=\"5-1\"\n               class=\"ngg-fancybox\" rel=\"7a56c77bb0d9dd5053b62a42c7cea283\">\n                <img\n                    title=\"5\"\n                    alt=\"5\"\n                    src=\"https:\/\/chalupa.brusna.cz\/wp-content\/gallery\/v-prizemi\/thumbs\/thumbs_5.jpg\"\n                    width=\"240\"\n                    height=\"160\"\n                    style=\"max-width:100%;\"\n                \/>\n            <\/a>\n        <\/div>\n\t\t\t\t\t\t\t<\/div> \n\t\t\t\n\t\t\t\t<div id=\"ngg-image-1\" class=\"ngg-gallery-thumbnail-box \" >\n\t\t\t\t        <div class=\"ngg-gallery-thumbnail\">\n            <a href=\"https:\/\/chalupa.brusna.cz\/wp-content\/gallery\/v-prizemi\/5a.jpg\"\n               title=\"\"\n               data-src=\"https:\/\/chalupa.brusna.cz\/wp-content\/gallery\/v-prizemi\/5a.jpg\"\n               data-thumbnail=\"https:\/\/chalupa.brusna.cz\/wp-content\/gallery\/v-prizemi\/thumbs\/thumbs_5a.jpg\"\n               data-image-id=\"14\"\n               data-title=\"5a\"\n               data-description=\"\"\n               data-image-slug=\"5a\"\n               class=\"ngg-fancybox\" rel=\"7a56c77bb0d9dd5053b62a42c7cea283\">\n                <img\n                    title=\"5a\"\n                    alt=\"5a\"\n                    src=\"https:\/\/chalupa.brusna.cz\/wp-content\/gallery\/v-prizemi\/thumbs\/thumbs_5a.jpg\"\n                    width=\"240\"\n                    height=\"160\"\n                    style=\"max-width:100%;\"\n                \/>\n            <\/a>\n        <\/div>\n\t\t\t\t\t\t\t<\/div> \n\t\t\t\n\t\t\t\t<div id=\"ngg-image-2\" class=\"ngg-gallery-thumbnail-box \" >\n\t\t\t\t        <div class=\"ngg-gallery-thumbnail\">\n            <a href=\"https:\/\/chalupa.brusna.cz\/wp-content\/gallery\/v-prizemi\/5b.jpg\"\n               title=\"\"\n               data-src=\"https:\/\/chalupa.brusna.cz\/wp-content\/gallery\/v-prizemi\/5b.jpg\"\n               data-thumbnail=\"https:\/\/chalupa.brusna.cz\/wp-content\/gallery\/v-prizemi\/thumbs\/thumbs_5b.jpg\"\n               data-image-id=\"15\"\n               data-title=\"5b\"\n               data-description=\"\"\n               data-image-slug=\"5b\"\n               class=\"ngg-fancybox\" rel=\"7a56c77bb0d9dd5053b62a42c7cea283\">\n                <img\n                    title=\"5b\"\n                    alt=\"5b\"\n                    src=\"https:\/\/chalupa.brusna.cz\/wp-content\/gallery\/v-prizemi\/thumbs\/thumbs_5b.jpg\"\n                    width=\"240\"\n                    height=\"160\"\n                    style=\"max-width:100%;\"\n                \/>\n            <\/a>\n        <\/div>\n\t\t\t\t\t\t\t<\/div> \n\t\t\t\n\t\t\t\t<div id=\"ngg-image-3\" class=\"ngg-gallery-thumbnail-box \" >\n\t\t\t\t        <div class=\"ngg-gallery-thumbnail\">\n            <a href=\"https:\/\/chalupa.brusna.cz\/wp-content\/gallery\/v-prizemi\/5c.jpg\"\n               title=\"\"\n               data-src=\"https:\/\/chalupa.brusna.cz\/wp-content\/gallery\/v-prizemi\/5c.jpg\"\n               data-thumbnail=\"https:\/\/chalupa.brusna.cz\/wp-content\/gallery\/v-prizemi\/thumbs\/thumbs_5c.jpg\"\n               data-image-id=\"16\"\n               data-title=\"5c\"\n               data-description=\"\"\n               data-image-slug=\"5c\"\n               class=\"ngg-fancybox\" rel=\"7a56c77bb0d9dd5053b62a42c7cea283\">\n                <img\n                    title=\"5c\"\n                    alt=\"5c\"\n                    src=\"https:\/\/chalupa.brusna.cz\/wp-content\/gallery\/v-prizemi\/thumbs\/thumbs_5c.jpg\"\n                    width=\"240\"\n                    height=\"160\"\n                    style=\"max-width:100%;\"\n                \/>\n            <\/a>\n        <\/div>\n\t\t\t\t\t\t\t<\/div> \n\t\t\t\n\t\t\t\t<div id=\"ngg-image-4\" class=\"ngg-gallery-thumbnail-box \" >\n\t\t\t\t        <div class=\"ngg-gallery-thumbnail\">\n            <a href=\"https:\/\/chalupa.brusna.cz\/wp-content\/gallery\/v-prizemi\/5d.jpg\"\n               title=\"\"\n               data-src=\"https:\/\/chalupa.brusna.cz\/wp-content\/gallery\/v-prizemi\/5d.jpg\"\n               data-thumbnail=\"https:\/\/chalupa.brusna.cz\/wp-content\/gallery\/v-prizemi\/thumbs\/thumbs_5d.jpg\"\n               data-image-id=\"17\"\n               data-title=\"5d\"\n               data-description=\"\"\n               data-image-slug=\"5d\"\n               class=\"ngg-fancybox\" rel=\"7a56c77bb0d9dd5053b62a42c7cea283\">\n                <img\n                    title=\"5d\"\n                    alt=\"5d\"\n                    src=\"https:\/\/chalupa.brusna.cz\/wp-content\/gallery\/v-prizemi\/thumbs\/thumbs_5d.jpg\"\n                    width=\"240\"\n                    height=\"160\"\n                    style=\"max-width:100%;\"\n                \/>\n            <\/a>\n        <\/div>\n\t\t\t\t\t\t\t<\/div> \n\t\t\t\n\t\t\t\t<div id=\"ngg-image-5\" class=\"ngg-gallery-thumbnail-box \" >\n\t\t\t\t        <div class=\"ngg-gallery-thumbnail\">\n            <a href=\"https:\/\/chalupa.brusna.cz\/wp-content\/gallery\/v-prizemi\/22.5.jpg\"\n               title=\"\"\n               data-src=\"https:\/\/chalupa.brusna.cz\/wp-content\/gallery\/v-prizemi\/22.5.jpg\"\n               data-thumbnail=\"https:\/\/chalupa.brusna.cz\/wp-content\/gallery\/v-prizemi\/thumbs\/thumbs_22.5.jpg\"\n               data-image-id=\"18\"\n               data-title=\"22.5\"\n               data-description=\"\"\n               data-image-slug=\"22-5\"\n               class=\"ngg-fancybox\" rel=\"7a56c77bb0d9dd5053b62a42c7cea283\">\n                <img\n                    title=\"22.5\"\n                    alt=\"22.5\"\n                    src=\"https:\/\/chalupa.brusna.cz\/wp-content\/gallery\/v-prizemi\/thumbs\/thumbs_22.5.jpg\"\n                    width=\"240\"\n                    height=\"160\"\n                    style=\"max-width:100%;\"\n                \/>\n            <\/a>\n        <\/div>\n\t\t\t\t\t\t\t<\/div> \n\t\t\t\n\t\n\t<br style=\"clear: both\" \/>\n\n\t\t<div class=\"slideshowlink\">\n        <a href='https:\/\/chalupa.brusna.cz\/index.php\/nggallery\/slideshow?page_id=28&#038;lang=cs'>[Uk\u00e1zat prezentaci]<\/a>\n\t\t\n\t<\/div>\n\t\n\t\t<!-- Pagination -->\n\t<div class='ngg-clear'><\/div>\t<\/div>\n\n","protected":false},"excerpt":{"rendered":"<p>APARTM\u00c1N V P\u0158\u00cdZEM\u00cd Pl\u00e1nujete-li dovolenou s p\u0159\u00e1teli nebo s rodi\u010di, doporu\u010dujeme V\u00e1m pron\u00e1jem druh\u00e9ho apartm\u00e1nu v p\u0159\u00edzem\u00ed, kter\u00fd je ide\u00e1ln\u00ed pro 2 osoby. M\u016f\u017eete tak str\u00e1vit spole\u010dnou dovolenou, av\u0161ak m\u00edt i sv\u00e9 vlastn\u00ed soukrom\u00ed. Tento \u00fatuln\u00fd apartm\u00e1n je za\u0159\u00edzen\u00fd v rustik\u00e1ln\u00edm stylu s mexickou terakotovou dla\u017ebou a je vybaven\u00fd dvoul\u016f\u017ekem, rohovou sedac\u00ed soupravou, Smart TV [&hellip;]<\/p>\n","protected":false},"author":1,"featured_media":0,"parent":0,"menu_order":0,"comment_status":"closed","ping_status":"closed","template":"fullpage.php","meta":{"ngg_post_thumbnail":0},"_links":{"self":[{"href":"https:\/\/chalupa.brusna.cz\/index.php?rest_route=\/wp\/v2\/pages\/28"}],"collection":[{"href":"https:\/\/chalupa.brusna.cz\/index.php?rest_route=\/wp\/v2\/pages"}],"about":[{"href":"https:\/\/chalupa.brusna.cz\/index.php?rest_route=\/wp\/v2\/types\/page"}],"author":[{"embeddable":true,"href":"https:\/\/chalupa.brusna.cz\/index.php?rest_route=\/wp\/v2\/users\/1"}],"replies":[{"embeddable":true,"href":"https:\/\/chalupa.brusna.cz\/index.php?rest_route=%2Fwp%2Fv2%2Fcomments&post=28"}],"version-history":[{"count":5,"href":"https:\/\/chalupa.brusna.cz\/index.php?rest_route=\/wp\/v2\/pages\/28\/revisions"}],"predecessor-version":[{"id":494,"href":"https:\/\/chalupa.brusna.cz\/index.php?rest_route=\/wp\/v2\/pages\/28\/revisions\/494"}],"wp:attachment":[{"href":"https:\/\/chalupa.brusna.cz\/index.php?rest_route=%2Fwp%2Fv2%2Fmedia&parent=28"}],"curies":[{"name":"wp","href":"https:\/\/api.w.org\/{rel}","templated":true}]}}